{"id":744,"date":"2025-01-10T12:08:10","date_gmt":"2025-01-10T11:08:10","guid":{"rendered":"https:\/\/shivaomtrading.com\/?post_type=product&#038;p=744"},"modified":"2025-07-18T14:05:06","modified_gmt":"2025-07-18T12:05:06","slug":"mochila-nepal-canamo-champinon","status":"publish","type":"product","link":"https:\/\/shivaomtrading.com\/eng\/product\/mochila-nepal-canamo-champinon\/","title":{"rendered":"Nepal hemp MUSHROOM backpack"},"content":{"rendered":"<p>The Nepalese Hippie Backpack Mushroom Colored Drawing is handmade from hemp and other eco-friendly materials in the foothills of the Himalayas. We guarantee style, comfort and durability with our high quality, spacious multifunctional bags. All our products are made by Nepalese artisans with love and care and you can really see this in our products.<\/p>","protected":false},"excerpt":{"rendered":"<p>The main color matches in solid color areas, the other patterns can vary in color and shape.<\/p>\n<figure class=\"wp-block-table is-style-regular\">\n<table class=\"has-fixed-layout\" style=\"border-style:none;border-width:0px\">\n<thead>\n<tr>\n<th><\/th>\n<th class=\"has-text-align-left\" data-align=\"left\">S<\/th>\n<th class=\"has-text-align-left\" data-align=\"left\">M<\/th>\n<th class=\"has-text-align-left\" data-align=\"left\">L<\/th>\n<\/tr>\n<\/thead>\n<tbody>\n<tr>\n<td>Length \/ Length<\/td>\n<td class=\"has-text-align-left\" data-align=\"left\">28cm<\/td>\n<td class=\"has-text-align-left\" data-align=\"left\">35cm<\/td>\n<td class=\"has-text-align-left\" data-align=\"left\">45cm<\/td>\n<\/tr>\n<tr>\n<td>Width \/ Width<\/td>\n<td class=\"has-text-align-left\" data-align=\"left\">24cm<\/td>\n<td class=\"has-text-align-left\" data-align=\"left\">29cm<\/td>\n<td class=\"has-text-align-left\" data-align=\"left\">38cm<\/td>\n<\/tr>\n<\/tbody>\n<\/table>\n<\/figure>\n<p><b>*These measurements are approximate.<\/b><\/p>","protected":false},"featured_media":770,"comment_status":"closed","ping_status":"closed","template":"","meta":[],"product_brand":[],"product_cat":[63,52],"product_tag":[],"class_list":{"0":"post-744","1":"product","2":"type-product","3":"status-publish","4":"has-post-thumbnail","6":"product_cat-accesorios","7":"product_cat-mochilas","9":"first","10":"instock","11":"sale","12":"taxable","13":"shipping-taxable","14":"purchasable","15":"product-type-variable","16":"has-default-attributes"},"yoast_head":"<!-- This site is optimized with the Yoast SEO plugin v25.6 - https:\/\/yoast.com\/wordpress\/plugins\/seo\/ -->\n<title>Mochila Nepal c\u00e1\u00f1amo CHAMPI\u00d1ON - Shivaom Trading<\/title>\n<meta name=\"robots\" content=\"index, follow, max-snippet:-1, max-image-preview:large, max-video-preview:-1\" \/>\n<link rel=\"canonical\" href=\"https:\/\/shivaomtrading.com\/eng\/product\/mochila-nepal-canamo-champinon\/\" \/>\n<meta property=\"og:locale\" content=\"en_GB\" \/>\n<meta property=\"og:type\" content=\"article\" \/>\n<meta property=\"og:title\" content=\"Mochila Nepal c\u00e1\u00f1amo CHAMPI\u00d1ON - Shivaom Trading\" \/>\n<meta property=\"og:description\" content=\"El color principal coincide en zonas de color s\u00f3lido, los dem\u00e1s patrones puedes variar en color y forma. SMLLargo \/ Lenght28cm35cm45cmAncho \/ Width24cm29cm38cm *Estas medidas son aproximadas.\" \/>\n<meta property=\"og:url\" content=\"https:\/\/shivaomtrading.com\/eng\/product\/mochila-nepal-canamo-champinon\/\" \/>\n<meta property=\"og:site_name\" content=\"Shivaom Trading\" \/>\n<meta property=\"article:modified_time\" content=\"2025-07-18T12:05:06+00:00\" \/>\n<meta property=\"og:image\" content=\"https:\/\/shivaomtrading.com\/wp-content\/uploads\/2025\/01\/SOSB1014L-BLUE-1.jpg\" \/>\n\t<meta property=\"og:image:width\" content=\"1831\" \/>\n\t<meta property=\"og:image:height\" content=\"2560\" \/>\n\t<meta property=\"og:image:type\" content=\"image\/jpeg\" \/>\n<meta name=\"twitter:card\" content=\"summary_large_image\" \/>\n<script type=\"application\/ld+json\" class=\"yoast-schema-graph\">{\"@context\":\"https:\/\/schema.org\",\"@graph\":[{\"@type\":\"WebPage\",\"@id\":\"https:\/\/shivaomtrading.com\/producto\/mochila-nepal-canamo-champinon\/\",\"url\":\"https:\/\/shivaomtrading.com\/producto\/mochila-nepal-canamo-champinon\/\",\"name\":\"Mochila Nepal c\u00e1\u00f1amo CHAMPI\u00d1ON - Shivaom Trading\",\"isPartOf\":{\"@id\":\"https:\/\/orchid-hyena-158384.hostingersite.com\/#website\"},\"primaryImageOfPage\":{\"@id\":\"https:\/\/shivaomtrading.com\/producto\/mochila-nepal-canamo-champinon\/#primaryimage\"},\"image\":{\"@id\":\"https:\/\/shivaomtrading.com\/producto\/mochila-nepal-canamo-champinon\/#primaryimage\"},\"thumbnailUrl\":\"https:\/\/shivaomtrading.com\/wp-content\/uploads\/2025\/01\/SOSB1014L-BLUE-1.jpg\",\"datePublished\":\"2025-01-10T11:08:10+00:00\",\"dateModified\":\"2025-07-18T12:05:06+00:00\",\"breadcrumb\":{\"@id\":\"https:\/\/shivaomtrading.com\/producto\/mochila-nepal-canamo-champinon\/#breadcrumb\"},\"inLanguage\":\"en-GB\",\"potentialAction\":[{\"@type\":\"ReadAction\",\"target\":[\"https:\/\/shivaomtrading.com\/producto\/mochila-nepal-canamo-champinon\/\"]}]},{\"@type\":\"ImageObject\",\"inLanguage\":\"en-GB\",\"@id\":\"https:\/\/shivaomtrading.com\/producto\/mochila-nepal-canamo-champinon\/#primaryimage\",\"url\":\"https:\/\/shivaomtrading.com\/wp-content\/uploads\/2025\/01\/SOSB1014L-BLUE-1.jpg\",\"contentUrl\":\"https:\/\/shivaomtrading.com\/wp-content\/uploads\/2025\/01\/SOSB1014L-BLUE-1.jpg\",\"width\":1831,\"height\":2560},{\"@type\":\"BreadcrumbList\",\"@id\":\"https:\/\/shivaomtrading.com\/producto\/mochila-nepal-canamo-champinon\/#breadcrumb\",\"itemListElement\":[{\"@type\":\"ListItem\",\"position\":1,\"name\":\"Portada\",\"item\":\"https:\/\/orchid-hyena-158384.hostingersite.com\/\"},{\"@type\":\"ListItem\",\"position\":2,\"name\":\"Tienda\",\"item\":\"https:\/\/shivaomtrading.com\/tienda\/\"},{\"@type\":\"ListItem\",\"position\":3,\"name\":\"Mochila Nepal c\u00e1\u00f1amo CHAMPI\u00d1ON\"}]},{\"@type\":\"WebSite\",\"@id\":\"https:\/\/orchid-hyena-158384.hostingersite.com\/#website\",\"url\":\"https:\/\/orchid-hyena-158384.hostingersite.com\/\",\"name\":\"Shivaom Trading\",\"description\":\"Tienda online de ropa y accesorios\",\"publisher\":{\"@id\":\"https:\/\/orchid-hyena-158384.hostingersite.com\/#organization\"},\"potentialAction\":[{\"@type\":\"SearchAction\",\"target\":{\"@type\":\"EntryPoint\",\"urlTemplate\":\"https:\/\/orchid-hyena-158384.hostingersite.com\/?s={search_term_string}\"},\"query-input\":{\"@type\":\"PropertyValueSpecification\",\"valueRequired\":true,\"valueName\":\"search_term_string\"}}],\"inLanguage\":\"en-GB\"},{\"@type\":\"Organization\",\"@id\":\"https:\/\/orchid-hyena-158384.hostingersite.com\/#organization\",\"name\":\"Shivaom Trading\",\"url\":\"https:\/\/orchid-hyena-158384.hostingersite.com\/\",\"logo\":{\"@type\":\"ImageObject\",\"inLanguage\":\"en-GB\",\"@id\":\"https:\/\/orchid-hyena-158384.hostingersite.com\/#\/schema\/logo\/image\/\",\"url\":\"https:\/\/shivaomtrading.com\/wp-content\/uploads\/2024\/11\/logotipo.svg\",\"contentUrl\":\"https:\/\/shivaomtrading.com\/wp-content\/uploads\/2024\/11\/logotipo.svg\",\"width\":896,\"height\":148,\"caption\":\"Shivaom Trading\"},\"image\":{\"@id\":\"https:\/\/orchid-hyena-158384.hostingersite.com\/#\/schema\/logo\/image\/\"}}]}<\/script>\n<!-- \/ Yoast SEO plugin. -->","yoast_head_json":{"title":"Mochila Nepal c\u00e1\u00f1amo CHAMPI\u00d1ON - Shivaom Trading","robots":{"index":"index","follow":"follow","max-snippet":"max-snippet:-1","max-image-preview":"max-image-preview:large","max-video-preview":"max-video-preview:-1"},"canonical":"https:\/\/shivaomtrading.com\/eng\/product\/mochila-nepal-canamo-champinon\/","og_locale":"en_GB","og_type":"article","og_title":"Mochila Nepal c\u00e1\u00f1amo CHAMPI\u00d1ON - Shivaom Trading","og_description":"El color principal coincide en zonas de color s\u00f3lido, los dem\u00e1s patrones puedes variar en color y forma. SMLLargo \/ Lenght28cm35cm45cmAncho \/ Width24cm29cm38cm *Estas medidas son aproximadas.","og_url":"https:\/\/shivaomtrading.com\/eng\/product\/mochila-nepal-canamo-champinon\/","og_site_name":"Shivaom Trading","article_modified_time":"2025-07-18T12:05:06+00:00","og_image":[{"width":1831,"height":2560,"url":"https:\/\/shivaomtrading.com\/wp-content\/uploads\/2025\/01\/SOSB1014L-BLUE-1.jpg","type":"image\/jpeg"}],"twitter_card":"summary_large_image","schema":{"@context":"https:\/\/schema.org","@graph":[{"@type":"WebPage","@id":"https:\/\/shivaomtrading.com\/producto\/mochila-nepal-canamo-champinon\/","url":"https:\/\/shivaomtrading.com\/producto\/mochila-nepal-canamo-champinon\/","name":"Mochila Nepal c\u00e1\u00f1amo CHAMPI\u00d1ON - Shivaom Trading","isPartOf":{"@id":"https:\/\/orchid-hyena-158384.hostingersite.com\/#website"},"primaryImageOfPage":{"@id":"https:\/\/shivaomtrading.com\/producto\/mochila-nepal-canamo-champinon\/#primaryimage"},"image":{"@id":"https:\/\/shivaomtrading.com\/producto\/mochila-nepal-canamo-champinon\/#primaryimage"},"thumbnailUrl":"https:\/\/shivaomtrading.com\/wp-content\/uploads\/2025\/01\/SOSB1014L-BLUE-1.jpg","datePublished":"2025-01-10T11:08:10+00:00","dateModified":"2025-07-18T12:05:06+00:00","breadcrumb":{"@id":"https:\/\/shivaomtrading.com\/producto\/mochila-nepal-canamo-champinon\/#breadcrumb"},"inLanguage":"en-GB","potentialAction":[{"@type":"ReadAction","target":["https:\/\/shivaomtrading.com\/producto\/mochila-nepal-canamo-champinon\/"]}]},{"@type":"ImageObject","inLanguage":"en-GB","@id":"https:\/\/shivaomtrading.com\/producto\/mochila-nepal-canamo-champinon\/#primaryimage","url":"https:\/\/shivaomtrading.com\/wp-content\/uploads\/2025\/01\/SOSB1014L-BLUE-1.jpg","contentUrl":"https:\/\/shivaomtrading.com\/wp-content\/uploads\/2025\/01\/SOSB1014L-BLUE-1.jpg","width":1831,"height":2560},{"@type":"BreadcrumbList","@id":"https:\/\/shivaomtrading.com\/producto\/mochila-nepal-canamo-champinon\/#breadcrumb","itemListElement":[{"@type":"ListItem","position":1,"name":"Portada","item":"https:\/\/orchid-hyena-158384.hostingersite.com\/"},{"@type":"ListItem","position":2,"name":"Tienda","item":"https:\/\/shivaomtrading.com\/tienda\/"},{"@type":"ListItem","position":3,"name":"Mochila Nepal c\u00e1\u00f1amo CHAMPI\u00d1ON"}]},{"@type":"WebSite","@id":"https:\/\/orchid-hyena-158384.hostingersite.com\/#website","url":"https:\/\/orchid-hyena-158384.hostingersite.com\/","name":"Shivaom Trading","description":"Online clothing and accessories store","publisher":{"@id":"https:\/\/orchid-hyena-158384.hostingersite.com\/#organization"},"potentialAction":[{"@type":"SearchAction","target":{"@type":"EntryPoint","urlTemplate":"https:\/\/orchid-hyena-158384.hostingersite.com\/?s={search_term_string}"},"query-input":{"@type":"PropertyValueSpecification","valueRequired":true,"valueName":"search_term_string"}}],"inLanguage":"en-GB"},{"@type":"Organization","@id":"https:\/\/orchid-hyena-158384.hostingersite.com\/#organization","name":"Shivaom Trading","url":"https:\/\/orchid-hyena-158384.hostingersite.com\/","logo":{"@type":"ImageObject","inLanguage":"en-GB","@id":"https:\/\/orchid-hyena-158384.hostingersite.com\/#\/schema\/logo\/image\/","url":"https:\/\/shivaomtrading.com\/wp-content\/uploads\/2024\/11\/logotipo.svg","contentUrl":"https:\/\/shivaomtrading.com\/wp-content\/uploads\/2024\/11\/logotipo.svg","width":896,"height":148,"caption":"Shivaom Trading"},"image":{"@id":"https:\/\/orchid-hyena-158384.hostingersite.com\/#\/schema\/logo\/image\/"}}]}},"_links":{"self":[{"href":"https:\/\/shivaomtrading.com\/eng\/wp-json\/wp\/v2\/product\/744","targetHints":{"allow":["GET"]}}],"collection":[{"href":"https:\/\/shivaomtrading.com\/eng\/wp-json\/wp\/v2\/product"}],"about":[{"href":"https:\/\/shivaomtrading.com\/eng\/wp-json\/wp\/v2\/types\/product"}],"replies":[{"embeddable":true,"href":"https:\/\/shivaomtrading.com\/eng\/wp-json\/wp\/v2\/comments?post=744"}],"wp:featuredmedia":[{"embeddable":true,"href":"https:\/\/shivaomtrading.com\/eng\/wp-json\/wp\/v2\/media\/770"}],"wp:attachment":[{"href":"https:\/\/shivaomtrading.com\/eng\/wp-json\/wp\/v2\/media?parent=744"}],"wp:term":[{"taxonomy":"product_brand","embeddable":true,"href":"https:\/\/shivaomtrading.com\/eng\/wp-json\/wp\/v2\/product_brand?post=744"},{"taxonomy":"product_cat","embeddable":true,"href":"https:\/\/shivaomtrading.com\/eng\/wp-json\/wp\/v2\/product_cat?post=744"},{"taxonomy":"product_tag","embeddable":true,"href":"https:\/\/shivaomtrading.com\/eng\/wp-json\/wp\/v2\/product_tag?post=744"}],"curies":[{"name":"wp","href":"https:\/\/api.w.org\/{rel}","templated":true}]}}