{"id":24,"date":"2024-11-06T16:48:42","date_gmt":"2024-11-06T15:48:42","guid":{"rendered":"https:\/\/shivaomtrading.com\/?page_id=24"},"modified":"2025-02-12T15:45:56","modified_gmt":"2025-02-12T14:45:56","slug":"contacto","status":"publish","type":"page","link":"https:\/\/shivaomtrading.com\/eng\/contacto\/","title":{"rendered":"Contact"},"content":{"rendered":"<div data-elementor-type=\"wp-page\" data-elementor-id=\"24\" class=\"elementor elementor-24\" data-elementor-post-type=\"page\">\n\t\t\t\t<div class=\"elementor-element elementor-element-2e3b8c50 e-flex e-con-boxed e-con e-parent\" data-id=\"2e3b8c50\" data-element_type=\"container\" data-e-type=\"container\" data-settings=\"{&quot;background_background&quot;:&quot;gradient&quot;}\">\n\t\t\t\t\t<div class=\"e-con-inner\">\n\t\t<div class=\"elementor-element elementor-element-5da482bf e-con-full e-flex e-con e-child\" data-id=\"5da482bf\" data-element_type=\"container\" data-e-type=\"container\">\n\t\t\t\t<div class=\"elementor-element elementor-element-4ddcbab5 elementor-widget elementor-widget-icon-box\" data-id=\"4ddcbab5\" data-element_type=\"widget\" data-e-type=\"widget\" data-widget_type=\"icon-box.default\">\n\t\t\t\t<div class=\"elementor-widget-container\">\n\t\t\t\t\t\t\t<div class=\"elementor-icon-box-wrapper\">\n\n\t\t\t\n\t\t\t\t\t\t<div class=\"elementor-icon-box-content\">\n\n\t\t\t\t\t\t\t\t\t<h2 class=\"elementor-icon-box-title\">\n\t\t\t\t\t\t<span  >\n\t\t\t\t\t\t\tinfo@shivaomtrading.com\t\t\t\t\t\t<\/span>\n\t\t\t\t\t<\/h2>\n\t\t\t\t\n\t\t\t\t\t\t\t\t\t<p class=\"elementor-icon-box-description\">\n\t\t\t\t\t\tLogistics center is located in the municipality of Torremolinos (M\u00e1laga).\t\t\t\t\t<\/p>\n\t\t\t\t\n\t\t\t<\/div>\n\t\t\t\n\t\t<\/div>\n\t\t\t\t\t\t<\/div>\n\t\t\t\t<\/div>\n\t\t\t\t<div class=\"elementor-element elementor-element-75cabb0 elementor-widget elementor-widget-google_maps\" data-id=\"75cabb0\" data-element_type=\"widget\" data-e-type=\"widget\" data-widget_type=\"google_maps.default\">\n\t\t\t\t<div class=\"elementor-widget-container\">\n\t\t\t\t\t\t\t<div class=\"elementor-custom-embed\">\n\t\t\t<iframe loading=\"lazy\"\n\t\t\t\t\tsrc=\"https:\/\/maps.google.com\/maps?q=%20Calle%20Diderot%2028%20nave%201%2029004%20%E2%80%93%20M%C3%A1laga&#038;t=m&#038;z=14&#038;output=embed&#038;iwloc=near\"\n\t\t\t\t\ttitle=\" Diderot Street 28, building 1 29004 \u2013 Malaga\"\n\t\t\t\t\taria-label=\" Diderot Street 28, building 1 29004 \u2013 Malaga\"\n\t\t\t><\/iframe>\n\t\t<\/div>\n\t\t\t\t\t\t<\/div>\n\t\t\t\t<\/div>\n\t\t\t\t<\/div>\n\t\t<div class=\"elementor-element elementor-element-4876eaa2 e-con-full e-flex e-con e-child\" data-id=\"4876eaa2\" data-element_type=\"container\" data-e-type=\"container\">\n\t\t\t\t<div class=\"elementor-element elementor-element-5a5bb9fa elementor-widget-mobile__width-inherit elementor-widget__width-initial elementor-position-inline-start elementor-view-default elementor-mobile-position-block-start elementor-widget elementor-widget-icon-box\" data-id=\"5a5bb9fa\" data-element_type=\"widget\" data-e-type=\"widget\" data-widget_type=\"icon-box.default\">\n\t\t\t\t<div class=\"elementor-widget-container\">\n\t\t\t\t\t\t\t<div class=\"elementor-icon-box-wrapper\">\n\n\t\t\t\t\t\t<div class=\"elementor-icon-box-icon\">\n\t\t\t\t<span  class=\"elementor-icon\">\n\t\t\t\t<svg aria-hidden=\"true\" class=\"e-font-icon-svg e-fas-map-marker-alt\" viewbox=\"0 0 384 512\" xmlns=\"http:\/\/www.w3.org\/2000\/svg\"><path d=\"M172.268 501.67C26.97 291.031 0 269.413 0 192 0 85.961 85.961 0 192 0s192 85.961 192 192c0 77.413-26.97 99.031-172.268 309.67-9.535 13.774-29.93 13.773-39.464 0zM192 272c44.183 0 80-35.817 80-80s-35.817-80-80-80-80 35.817-80 80 35.817 80 80 80z\"><\/path><\/svg>\t\t\t\t<\/span>\n\t\t\t<\/div>\n\t\t\t\n\t\t\t\t\t\t<div class=\"elementor-icon-box-content\">\n\n\t\t\t\t\t\t\t\t\t<p class=\"elementor-icon-box-title\">\n\t\t\t\t\t\t<span  >\n\t\t\t\t\t\t\tAddress\t\t\t\t\t\t<\/span>\n\t\t\t\t\t<\/p>\n\t\t\t\t\n\t\t\t\t\t\t\t\t\t<p class=\"elementor-icon-box-description\">\n\t\t\t\t\t\t Diderot Street 28, building 1<br>CP: 29004 \u2013 Malaga\t\t\t\t\t<\/p>\n\t\t\t\t\n\t\t\t<\/div>\n\t\t\t\n\t\t<\/div>\n\t\t\t\t\t\t<\/div>\n\t\t\t\t<\/div>\n\t\t\t\t<div class=\"elementor-element elementor-element-777851d elementor-widget-mobile__width-inherit elementor-widget__width-initial elementor-position-inline-start elementor-view-default elementor-mobile-position-block-start elementor-widget elementor-widget-icon-box\" data-id=\"777851d\" data-element_type=\"widget\" data-e-type=\"widget\" data-widget_type=\"icon-box.default\">\n\t\t\t\t<div class=\"elementor-widget-container\">\n\t\t\t\t\t\t\t<div class=\"elementor-icon-box-wrapper\">\n\n\t\t\t\t\t\t<div class=\"elementor-icon-box-icon\">\n\t\t\t\t<a href=\"mailto:info@shivaomtrading.com\" class=\"elementor-icon\" tabindex=\"-1\" aria-label=\"Mail\">\n\t\t\t\t<svg aria-hidden=\"true\" class=\"e-font-icon-svg e-fas-mail-bulk\" viewbox=\"0 0 576 512\" xmlns=\"http:\/\/www.w3.org\/2000\/svg\"><path d=\"M160 448c-25.6 0-51.2-22.4-64-32-64-44.8-83.2-60.8-96-70.4V480c0 17.67 14.33 32 32 32h256c17.67 0 32-14.33 32-32V345.6c-12.8 9.6-32 25.6-96 70.4-12.8 9.6-38.4 32-64 32zm128-192H32c-17.67 0-32 14.33-32 32v16c25.6 19.2 22.4 19.2 115.2 86.4 9.6 6.4 28.8 25.6 44.8 25.6s35.2-19.2 44.8-22.4c92.8-67.2 89.6-67.2 115.2-86.4V288c0-17.67-14.33-32-32-32zm256-96H224c-17.67 0-32 14.33-32 32v32h96c33.21 0 60.59 25.42 63.71 57.82l.29-.22V416h192c17.67 0 32-14.33 32-32V192c0-17.67-14.33-32-32-32zm-32 128h-64v-64h64v64zm-352-96c0-35.29 28.71-64 64-64h224V32c0-17.67-14.33-32-32-32H96C78.33 0 64 14.33 64 32v192h96v-32z\"><\/path><\/svg>\t\t\t\t<\/a>\n\t\t\t<\/div>\n\t\t\t\n\t\t\t\t\t\t<div class=\"elementor-icon-box-content\">\n\n\t\t\t\t\t\t\t\t\t<p class=\"elementor-icon-box-title\">\n\t\t\t\t\t\t<a href=\"mailto:info@shivaomtrading.com\" >\n\t\t\t\t\t\t\tMail\t\t\t\t\t\t<\/a>\n\t\t\t\t\t<\/p>\n\t\t\t\t\n\t\t\t\t\t\t\t\t\t<p class=\"elementor-icon-box-description\">\n\t\t\t\t\t\tinfo@shivaomtrading.com\t\t\t\t\t<\/p>\n\t\t\t\t\n\t\t\t<\/div>\n\t\t\t\n\t\t<\/div>\n\t\t\t\t\t\t<\/div>\n\t\t\t\t<\/div>\n\t\t\t\t<div class=\"elementor-element elementor-element-cde32b4 elementor-widget-mobile__width-inherit elementor-widget__width-initial elementor-position-inline-start elementor-view-default elementor-mobile-position-block-start elementor-widget elementor-widget-icon-box\" data-id=\"cde32b4\" data-element_type=\"widget\" data-e-type=\"widget\" data-widget_type=\"icon-box.default\">\n\t\t\t\t<div class=\"elementor-widget-container\">\n\t\t\t\t\t\t\t<div class=\"elementor-icon-box-wrapper\">\n\n\t\t\t\t\t\t<div class=\"elementor-icon-box-icon\">\n\t\t\t\t<a href=\"tel:+34%20671781130\" class=\"elementor-icon\" tabindex=\"-1\" aria-label=\"Phone\">\n\t\t\t\t<svg aria-hidden=\"true\" class=\"e-font-icon-svg e-fas-phone-alt\" viewbox=\"0 0 512 512\" xmlns=\"http:\/\/www.w3.org\/2000\/svg\"><path d=\"M497.39 361.8l-112-48a24 24 0 0 0-28 6.9l-49.6 60.6A370.66 370.66 0 0 1 130.6 204.11l60.6-49.6a23.94 23.94 0 0 0 6.9-28l-48-112A24.16 24.16 0 0 0 122.6.61l-104 24A24 24 0 0 0 0 48c0 256.5 207.9 464 464 464a24 24 0 0 0 23.4-18.6l24-104a24.29 24.29 0 0 0-14.01-27.6z\"><\/path><\/svg>\t\t\t\t<\/a>\n\t\t\t<\/div>\n\t\t\t\n\t\t\t\t\t\t<div class=\"elementor-icon-box-content\">\n\n\t\t\t\t\t\t\t\t\t<p class=\"elementor-icon-box-title\">\n\t\t\t\t\t\t<a href=\"tel:+34%20671781130\" >\n\t\t\t\t\t\t\tPhone\t\t\t\t\t\t<\/a>\n\t\t\t\t\t<\/p>\n\t\t\t\t\n\t\t\t\t\t\t\t\t\t<p class=\"elementor-icon-box-description\">\n\t\t\t\t\t\t+34  671 78 11 30\t\t\t\t\t<\/p>\n\t\t\t\t\n\t\t\t<\/div>\n\t\t\t\n\t\t<\/div>\n\t\t\t\t\t\t<\/div>\n\t\t\t\t<\/div>\n\t\t\t\t<\/div>\n\t\t\t\t\t<\/div>\n\t\t\t\t<\/div>\n\t\t\t\t<\/div>","protected":false},"excerpt":{"rendered":"<p>info@shivaomtrading.com Centro log\u00edstico est\u00e1 ubicado en el municipio de Torremolinos (M\u00e1laga). Direcci\u00f3n Calle Diderot 28 nave 1CP: 29004 \u2013 M\u00e1laga Correo info@shivaomtrading.com Tel\u00e9fono +34 671 78 11 30<\/p>","protected":false},"author":1,"featured_media":0,"parent":0,"menu_order":0,"comment_status":"closed","ping_status":"closed","template":"","meta":{"footnotes":""},"class_list":["post-24","page","type-page","status-publish","hentry"],"blocksy_meta":{"has_hero_section":"disabled","vertical_spacing_source":"custom","content_area_spacing":"none","styles_descriptor":{"styles":{"desktop":"","tablet":"","mobile":""},"google_fonts":[],"version":6}},"yoast_head":"<!-- This site is optimized with the Yoast SEO plugin v25.6 - https:\/\/yoast.com\/wordpress\/plugins\/seo\/ -->\n<title>Contacto - Shivaom Trading<\/title>\n<meta name=\"description\" content=\"Contacto Shivaom Trading. Email: info@shivaomtrading.com Centro log\u00edstico est\u00e1 ubicado en el municipio de Torremolinos (M\u00e1laga).\" \/>\n<meta name=\"robots\" content=\"index, follow, max-snippet:-1, max-image-preview:large, max-video-preview:-1\" \/>\n<link rel=\"canonical\" href=\"https:\/\/shivaomtrading.com\/eng\/contacto\/\" \/>\n<meta property=\"og:locale\" content=\"en_GB\" \/>\n<meta property=\"og:type\" content=\"article\" \/>\n<meta property=\"og:title\" content=\"Contacto - Shivaom Trading\" \/>\n<meta property=\"og:description\" content=\"Contacto Shivaom Trading. Email: info@shivaomtrading.com Centro log\u00edstico est\u00e1 ubicado en el municipio de Torremolinos (M\u00e1laga).\" \/>\n<meta property=\"og:url\" content=\"https:\/\/shivaomtrading.com\/eng\/contacto\/\" \/>\n<meta property=\"og:site_name\" content=\"Shivaom Trading\" \/>\n<meta property=\"article:modified_time\" content=\"2025-02-12T14:45:56+00:00\" \/>\n<meta name=\"twitter:card\" content=\"summary_large_image\" \/>\n<script type=\"application\/ld+json\" class=\"yoast-schema-graph\">{\"@context\":\"https:\/\/schema.org\",\"@graph\":[{\"@type\":\"WebPage\",\"@id\":\"https:\/\/shivaomtrading.com\/contacto\/\",\"url\":\"https:\/\/shivaomtrading.com\/contacto\/\",\"name\":\"Contacto - Shivaom Trading\",\"isPartOf\":{\"@id\":\"https:\/\/orchid-hyena-158384.hostingersite.com\/#website\"},\"datePublished\":\"2024-11-06T15:48:42+00:00\",\"dateModified\":\"2025-02-12T14:45:56+00:00\",\"description\":\"Contacto Shivaom Trading. Email: info@shivaomtrading.com Centro log\u00edstico est\u00e1 ubicado en el municipio de Torremolinos (M\u00e1laga).\",\"breadcrumb\":{\"@id\":\"https:\/\/shivaomtrading.com\/contacto\/#breadcrumb\"},\"inLanguage\":\"en-GB\",\"potentialAction\":[{\"@type\":\"ReadAction\",\"target\":[\"https:\/\/shivaomtrading.com\/contacto\/\"]}]},{\"@type\":\"BreadcrumbList\",\"@id\":\"https:\/\/shivaomtrading.com\/contacto\/#breadcrumb\",\"itemListElement\":[{\"@type\":\"ListItem\",\"position\":1,\"name\":\"Portada\",\"item\":\"https:\/\/orchid-hyena-158384.hostingersite.com\/\"},{\"@type\":\"ListItem\",\"position\":2,\"name\":\"Contacto\"}]},{\"@type\":\"WebSite\",\"@id\":\"https:\/\/orchid-hyena-158384.hostingersite.com\/#website\",\"url\":\"https:\/\/orchid-hyena-158384.hostingersite.com\/\",\"name\":\"Shivaom Trading\",\"description\":\"Tienda online de ropa y accesorios\",\"publisher\":{\"@id\":\"https:\/\/orchid-hyena-158384.hostingersite.com\/#organization\"},\"potentialAction\":[{\"@type\":\"SearchAction\",\"target\":{\"@type\":\"EntryPoint\",\"urlTemplate\":\"https:\/\/orchid-hyena-158384.hostingersite.com\/?s={search_term_string}\"},\"query-input\":{\"@type\":\"PropertyValueSpecification\",\"valueRequired\":true,\"valueName\":\"search_term_string\"}}],\"inLanguage\":\"en-GB\"},{\"@type\":\"Organization\",\"@id\":\"https:\/\/orchid-hyena-158384.hostingersite.com\/#organization\",\"name\":\"Shivaom Trading\",\"url\":\"https:\/\/orchid-hyena-158384.hostingersite.com\/\",\"logo\":{\"@type\":\"ImageObject\",\"inLanguage\":\"en-GB\",\"@id\":\"https:\/\/orchid-hyena-158384.hostingersite.com\/#\/schema\/logo\/image\/\",\"url\":\"https:\/\/shivaomtrading.com\/wp-content\/uploads\/2024\/11\/logotipo.svg\",\"contentUrl\":\"https:\/\/shivaomtrading.com\/wp-content\/uploads\/2024\/11\/logotipo.svg\",\"width\":896,\"height\":148,\"caption\":\"Shivaom Trading\"},\"image\":{\"@id\":\"https:\/\/orchid-hyena-158384.hostingersite.com\/#\/schema\/logo\/image\/\"}}]}<\/script>\n<!-- \/ Yoast SEO plugin. -->","yoast_head_json":{"title":"Contacto - Shivaom Trading","description":"Contacto Shivaom Trading. Email: info@shivaomtrading.com Centro log\u00edstico est\u00e1 ubicado en el municipio de Torremolinos (M\u00e1laga).","robots":{"index":"index","follow":"follow","max-snippet":"max-snippet:-1","max-image-preview":"max-image-preview:large","max-video-preview":"max-video-preview:-1"},"canonical":"https:\/\/shivaomtrading.com\/eng\/contacto\/","og_locale":"en_GB","og_type":"article","og_title":"Contacto - Shivaom Trading","og_description":"Contacto Shivaom Trading. Email: info@shivaomtrading.com Centro log\u00edstico est\u00e1 ubicado en el municipio de Torremolinos (M\u00e1laga).","og_url":"https:\/\/shivaomtrading.com\/eng\/contacto\/","og_site_name":"Shivaom Trading","article_modified_time":"2025-02-12T14:45:56+00:00","twitter_card":"summary_large_image","schema":{"@context":"https:\/\/schema.org","@graph":[{"@type":"WebPage","@id":"https:\/\/shivaomtrading.com\/contacto\/","url":"https:\/\/shivaomtrading.com\/contacto\/","name":"Contacto - Shivaom Trading","isPartOf":{"@id":"https:\/\/orchid-hyena-158384.hostingersite.com\/#website"},"datePublished":"2024-11-06T15:48:42+00:00","dateModified":"2025-02-12T14:45:56+00:00","description":"Contacto Shivaom Trading. Email: info@shivaomtrading.com Centro log\u00edstico est\u00e1 ubicado en el municipio de Torremolinos (M\u00e1laga).","breadcrumb":{"@id":"https:\/\/shivaomtrading.com\/contacto\/#breadcrumb"},"inLanguage":"en-GB","potentialAction":[{"@type":"ReadAction","target":["https:\/\/shivaomtrading.com\/contacto\/"]}]},{"@type":"BreadcrumbList","@id":"https:\/\/shivaomtrading.com\/contacto\/#breadcrumb","itemListElement":[{"@type":"ListItem","position":1,"name":"Portada","item":"https:\/\/orchid-hyena-158384.hostingersite.com\/"},{"@type":"ListItem","position":2,"name":"Contacto"}]},{"@type":"WebSite","@id":"https:\/\/orchid-hyena-158384.hostingersite.com\/#website","url":"https:\/\/orchid-hyena-158384.hostingersite.com\/","name":"Shivaom Trading","description":"Online clothing and accessories store","publisher":{"@id":"https:\/\/orchid-hyena-158384.hostingersite.com\/#organization"},"potentialAction":[{"@type":"SearchAction","target":{"@type":"EntryPoint","urlTemplate":"https:\/\/orchid-hyena-158384.hostingersite.com\/?s={search_term_string}"},"query-input":{"@type":"PropertyValueSpecification","valueRequired":true,"valueName":"search_term_string"}}],"inLanguage":"en-GB"},{"@type":"Organization","@id":"https:\/\/orchid-hyena-158384.hostingersite.com\/#organization","name":"Shivaom Trading","url":"https:\/\/orchid-hyena-158384.hostingersite.com\/","logo":{"@type":"ImageObject","inLanguage":"en-GB","@id":"https:\/\/orchid-hyena-158384.hostingersite.com\/#\/schema\/logo\/image\/","url":"https:\/\/shivaomtrading.com\/wp-content\/uploads\/2024\/11\/logotipo.svg","contentUrl":"https:\/\/shivaomtrading.com\/wp-content\/uploads\/2024\/11\/logotipo.svg","width":896,"height":148,"caption":"Shivaom Trading"},"image":{"@id":"https:\/\/orchid-hyena-158384.hostingersite.com\/#\/schema\/logo\/image\/"}}]}},"_links":{"self":[{"href":"https:\/\/shivaomtrading.com\/eng\/wp-json\/wp\/v2\/pages\/24","targetHints":{"allow":["GET"]}}],"collection":[{"href":"https:\/\/shivaomtrading.com\/eng\/wp-json\/wp\/v2\/pages"}],"about":[{"href":"https:\/\/shivaomtrading.com\/eng\/wp-json\/wp\/v2\/types\/page"}],"author":[{"embeddable":true,"href":"https:\/\/shivaomtrading.com\/eng\/wp-json\/wp\/v2\/users\/1"}],"replies":[{"embeddable":true,"href":"https:\/\/shivaomtrading.com\/eng\/wp-json\/wp\/v2\/comments?post=24"}],"version-history":[{"count":40,"href":"https:\/\/shivaomtrading.com\/eng\/wp-json\/wp\/v2\/pages\/24\/revisions"}],"predecessor-version":[{"id":1443,"href":"https:\/\/shivaomtrading.com\/eng\/wp-json\/wp\/v2\/pages\/24\/revisions\/1443"}],"wp:attachment":[{"href":"https:\/\/shivaomtrading.com\/eng\/wp-json\/wp\/v2\/media?parent=24"}],"curies":[{"name":"wp","href":"https:\/\/api.w.org\/{rel}","templated":true}]}}