{"id":1447,"date":"2025-01-16T12:11:00","date_gmt":"2025-01-16T11:11:00","guid":{"rendered":"https:\/\/shivaomtrading.com\/?page_id=1447"},"modified":"2025-01-27T12:54:53","modified_gmt":"2025-01-27T11:54:53","slug":"guia-de-tallas","status":"publish","type":"page","link":"https:\/\/shivaomtrading.com\/eng\/guia-de-tallas\/","title":{"rendered":"Size Guide"},"content":{"rendered":"<div style=\"height:32px\" aria-hidden=\"true\" class=\"wp-block-spacer\"><\/div>\n\n\n\n<p class=\"has-text-align-center\">This guide will help you choose the most suitable size you are looking for. <strong>These guides are indicative.<\/strong><\/p>\n\n\n\n<figure class=\"wp-block-image aligncenter size-full\"><img fetchpriority=\"high\" decoding=\"async\" width=\"3000\" height=\"1000\" src=\"http:\/\/shivaomtrading.com\/wp-content\/uploads\/2025\/01\/Guia-tallas-shivaom-web-online-1.png\" alt=\"\" class=\"wp-image-1585\" srcset=\"https:\/\/shivaomtrading.com\/wp-content\/uploads\/2025\/01\/Guia-tallas-shivaom-web-online-1.png 3000w, https:\/\/shivaomtrading.com\/wp-content\/uploads\/2025\/01\/Guia-tallas-shivaom-web-online-1-300x100.png 300w, https:\/\/shivaomtrading.com\/wp-content\/uploads\/2025\/01\/Guia-tallas-shivaom-web-online-1-1024x341.png 1024w, https:\/\/shivaomtrading.com\/wp-content\/uploads\/2025\/01\/Guia-tallas-shivaom-web-online-1-768x256.png 768w, https:\/\/shivaomtrading.com\/wp-content\/uploads\/2025\/01\/Guia-tallas-shivaom-web-online-1-1536x512.png 1536w, https:\/\/shivaomtrading.com\/wp-content\/uploads\/2025\/01\/Guia-tallas-shivaom-web-online-1-2048x683.png 2048w, https:\/\/shivaomtrading.com\/wp-content\/uploads\/2025\/01\/Guia-tallas-shivaom-web-online-1-18x6.png 18w, https:\/\/shivaomtrading.com\/wp-content\/uploads\/2025\/01\/Guia-tallas-shivaom-web-online-1-900x300.png 900w\" sizes=\"(max-width: 3000px) 100vw, 3000px\" \/><\/figure>\n\n\n\n<figure class=\"wp-block-image aligncenter size-full\"><img decoding=\"async\" width=\"3000\" height=\"1000\" src=\"http:\/\/shivaomtrading.com\/wp-content\/uploads\/2025\/01\/Guia-tallas-shivaom-web-online-2.png\" alt=\"\" class=\"wp-image-1586\" srcset=\"https:\/\/shivaomtrading.com\/wp-content\/uploads\/2025\/01\/Guia-tallas-shivaom-web-online-2.png 3000w, https:\/\/shivaomtrading.com\/wp-content\/uploads\/2025\/01\/Guia-tallas-shivaom-web-online-2-300x100.png 300w, https:\/\/shivaomtrading.com\/wp-content\/uploads\/2025\/01\/Guia-tallas-shivaom-web-online-2-1024x341.png 1024w, https:\/\/shivaomtrading.com\/wp-content\/uploads\/2025\/01\/Guia-tallas-shivaom-web-online-2-768x256.png 768w, https:\/\/shivaomtrading.com\/wp-content\/uploads\/2025\/01\/Guia-tallas-shivaom-web-online-2-1536x512.png 1536w, https:\/\/shivaomtrading.com\/wp-content\/uploads\/2025\/01\/Guia-tallas-shivaom-web-online-2-2048x683.png 2048w, https:\/\/shivaomtrading.com\/wp-content\/uploads\/2025\/01\/Guia-tallas-shivaom-web-online-2-18x6.png 18w, https:\/\/shivaomtrading.com\/wp-content\/uploads\/2025\/01\/Guia-tallas-shivaom-web-online-2-900x300.png 900w\" sizes=\"(max-width: 3000px) 100vw, 3000px\" \/><\/figure>\n\n\n\n<div class=\"wp-block-columns is-layout-flex wp-container-core-columns-is-layout-28f84493 wp-block-columns-is-layout-flex\">\n<div class=\"wp-block-column is-layout-flow wp-block-column-is-layout-flow\">\n<figure class=\"wp-block-image size-full\"><img decoding=\"async\" width=\"1500\" height=\"1000\" src=\"http:\/\/shivaomtrading.com\/wp-content\/uploads\/2025\/01\/Guia-tallas-shivaom-web-online-3.png\" alt=\"\" class=\"wp-image-1587\" srcset=\"https:\/\/shivaomtrading.com\/wp-content\/uploads\/2025\/01\/Guia-tallas-shivaom-web-online-3.png 1500w, https:\/\/shivaomtrading.com\/wp-content\/uploads\/2025\/01\/Guia-tallas-shivaom-web-online-3-300x200.png 300w, https:\/\/shivaomtrading.com\/wp-content\/uploads\/2025\/01\/Guia-tallas-shivaom-web-online-3-1024x683.png 1024w, https:\/\/shivaomtrading.com\/wp-content\/uploads\/2025\/01\/Guia-tallas-shivaom-web-online-3-768x512.png 768w, https:\/\/shivaomtrading.com\/wp-content\/uploads\/2025\/01\/Guia-tallas-shivaom-web-online-3-18x12.png 18w, https:\/\/shivaomtrading.com\/wp-content\/uploads\/2025\/01\/Guia-tallas-shivaom-web-online-3-900x600.png 900w\" sizes=\"(max-width: 1500px) 100vw, 1500px\" \/><\/figure>\n<\/div>\n\n\n\n<div class=\"wp-block-column is-layout-flow wp-block-column-is-layout-flow\">\n<figure class=\"wp-block-image size-full\"><img loading=\"lazy\" decoding=\"async\" width=\"1500\" height=\"1000\" src=\"http:\/\/shivaomtrading.com\/wp-content\/uploads\/2025\/01\/Guia-tallas-shivaom-web-online-4.png\" alt=\"\" class=\"wp-image-1588\" srcset=\"https:\/\/shivaomtrading.com\/wp-content\/uploads\/2025\/01\/Guia-tallas-shivaom-web-online-4.png 1500w, https:\/\/shivaomtrading.com\/wp-content\/uploads\/2025\/01\/Guia-tallas-shivaom-web-online-4-300x200.png 300w, https:\/\/shivaomtrading.com\/wp-content\/uploads\/2025\/01\/Guia-tallas-shivaom-web-online-4-1024x683.png 1024w, https:\/\/shivaomtrading.com\/wp-content\/uploads\/2025\/01\/Guia-tallas-shivaom-web-online-4-768x512.png 768w, https:\/\/shivaomtrading.com\/wp-content\/uploads\/2025\/01\/Guia-tallas-shivaom-web-online-4-18x12.png 18w, https:\/\/shivaomtrading.com\/wp-content\/uploads\/2025\/01\/Guia-tallas-shivaom-web-online-4-900x600.png 900w\" sizes=\"(max-width: 1500px) 100vw, 1500px\" \/><\/figure>\n<\/div>\n<\/div>\n\n\n\n<div class=\"wp-block-columns is-layout-flex wp-container-core-columns-is-layout-28f84493 wp-block-columns-is-layout-flex\">\n<div class=\"wp-block-column is-layout-flow wp-block-column-is-layout-flow\">\n<figure class=\"wp-block-image size-full\"><img loading=\"lazy\" decoding=\"async\" width=\"1500\" height=\"1000\" src=\"http:\/\/shivaomtrading.com\/wp-content\/uploads\/2025\/01\/Guia-tallas-shivaom-web-online-5.png\" alt=\"\" class=\"wp-image-1589\" srcset=\"https:\/\/shivaomtrading.com\/wp-content\/uploads\/2025\/01\/Guia-tallas-shivaom-web-online-5.png 1500w, https:\/\/shivaomtrading.com\/wp-content\/uploads\/2025\/01\/Guia-tallas-shivaom-web-online-5-300x200.png 300w, https:\/\/shivaomtrading.com\/wp-content\/uploads\/2025\/01\/Guia-tallas-shivaom-web-online-5-1024x683.png 1024w, https:\/\/shivaomtrading.com\/wp-content\/uploads\/2025\/01\/Guia-tallas-shivaom-web-online-5-768x512.png 768w, https:\/\/shivaomtrading.com\/wp-content\/uploads\/2025\/01\/Guia-tallas-shivaom-web-online-5-18x12.png 18w, https:\/\/shivaomtrading.com\/wp-content\/uploads\/2025\/01\/Guia-tallas-shivaom-web-online-5-900x600.png 900w\" sizes=\"(max-width: 1500px) 100vw, 1500px\" \/><\/figure>\n<\/div>\n\n\n\n<div class=\"wp-block-column is-layout-flow wp-block-column-is-layout-flow\">\n<figure class=\"wp-block-image size-full\"><img loading=\"lazy\" decoding=\"async\" width=\"1500\" height=\"1000\" src=\"http:\/\/shivaomtrading.com\/wp-content\/uploads\/2025\/01\/Guia-tallas-shivaom-web-online-6.png\" alt=\"\" class=\"wp-image-1590\" srcset=\"https:\/\/shivaomtrading.com\/wp-content\/uploads\/2025\/01\/Guia-tallas-shivaom-web-online-6.png 1500w, https:\/\/shivaomtrading.com\/wp-content\/uploads\/2025\/01\/Guia-tallas-shivaom-web-online-6-300x200.png 300w, https:\/\/shivaomtrading.com\/wp-content\/uploads\/2025\/01\/Guia-tallas-shivaom-web-online-6-1024x683.png 1024w, https:\/\/shivaomtrading.com\/wp-content\/uploads\/2025\/01\/Guia-tallas-shivaom-web-online-6-768x512.png 768w, https:\/\/shivaomtrading.com\/wp-content\/uploads\/2025\/01\/Guia-tallas-shivaom-web-online-6-18x12.png 18w, https:\/\/shivaomtrading.com\/wp-content\/uploads\/2025\/01\/Guia-tallas-shivaom-web-online-6-900x600.png 900w\" sizes=\"(max-width: 1500px) 100vw, 1500px\" \/><\/figure>\n<\/div>\n<\/div>\n\n\n\n<div class=\"wp-block-columns is-layout-flex wp-container-core-columns-is-layout-28f84493 wp-block-columns-is-layout-flex\">\n<div class=\"wp-block-column is-layout-flow wp-block-column-is-layout-flow\">\n<figure class=\"wp-block-image size-full\"><img loading=\"lazy\" decoding=\"async\" width=\"1500\" height=\"1000\" src=\"http:\/\/shivaomtrading.com\/wp-content\/uploads\/2025\/01\/Guia-tallas-shivaom-web-online-7.png\" alt=\"\" class=\"wp-image-1591\" srcset=\"https:\/\/shivaomtrading.com\/wp-content\/uploads\/2025\/01\/Guia-tallas-shivaom-web-online-7.png 1500w, https:\/\/shivaomtrading.com\/wp-content\/uploads\/2025\/01\/Guia-tallas-shivaom-web-online-7-300x200.png 300w, https:\/\/shivaomtrading.com\/wp-content\/uploads\/2025\/01\/Guia-tallas-shivaom-web-online-7-1024x683.png 1024w, https:\/\/shivaomtrading.com\/wp-content\/uploads\/2025\/01\/Guia-tallas-shivaom-web-online-7-768x512.png 768w, https:\/\/shivaomtrading.com\/wp-content\/uploads\/2025\/01\/Guia-tallas-shivaom-web-online-7-18x12.png 18w, https:\/\/shivaomtrading.com\/wp-content\/uploads\/2025\/01\/Guia-tallas-shivaom-web-online-7-900x600.png 900w\" sizes=\"(max-width: 1500px) 100vw, 1500px\" \/><\/figure>\n<\/div>\n\n\n\n<div class=\"wp-block-column is-layout-flow wp-block-column-is-layout-flow\">\n<figure class=\"wp-block-image size-full\"><img loading=\"lazy\" decoding=\"async\" width=\"1500\" height=\"1000\" src=\"http:\/\/shivaomtrading.com\/wp-content\/uploads\/2025\/01\/Guia-tallas-shivaom-web-online-8.png\" alt=\"\" class=\"wp-image-1592\" srcset=\"https:\/\/shivaomtrading.com\/wp-content\/uploads\/2025\/01\/Guia-tallas-shivaom-web-online-8.png 1500w, https:\/\/shivaomtrading.com\/wp-content\/uploads\/2025\/01\/Guia-tallas-shivaom-web-online-8-300x200.png 300w, https:\/\/shivaomtrading.com\/wp-content\/uploads\/2025\/01\/Guia-tallas-shivaom-web-online-8-1024x683.png 1024w, https:\/\/shivaomtrading.com\/wp-content\/uploads\/2025\/01\/Guia-tallas-shivaom-web-online-8-768x512.png 768w, https:\/\/shivaomtrading.com\/wp-content\/uploads\/2025\/01\/Guia-tallas-shivaom-web-online-8-18x12.png 18w, https:\/\/shivaomtrading.com\/wp-content\/uploads\/2025\/01\/Guia-tallas-shivaom-web-online-8-900x600.png 900w\" sizes=\"(max-width: 1500px) 100vw, 1500px\" \/><\/figure>\n<\/div>\n<\/div>\n\n\n\n<div class=\"wp-block-columns is-layout-flex wp-container-core-columns-is-layout-28f84493 wp-block-columns-is-layout-flex\">\n<div class=\"wp-block-column is-layout-flow wp-block-column-is-layout-flow\">\n<figure class=\"wp-block-image size-full\"><img loading=\"lazy\" decoding=\"async\" width=\"1500\" height=\"1000\" src=\"http:\/\/shivaomtrading.com\/wp-content\/uploads\/2025\/01\/Guia-tallas-shivaom-web-online-9.png\" alt=\"\" class=\"wp-image-1593\" srcset=\"https:\/\/shivaomtrading.com\/wp-content\/uploads\/2025\/01\/Guia-tallas-shivaom-web-online-9.png 1500w, https:\/\/shivaomtrading.com\/wp-content\/uploads\/2025\/01\/Guia-tallas-shivaom-web-online-9-300x200.png 300w, https:\/\/shivaomtrading.com\/wp-content\/uploads\/2025\/01\/Guia-tallas-shivaom-web-online-9-1024x683.png 1024w, https:\/\/shivaomtrading.com\/wp-content\/uploads\/2025\/01\/Guia-tallas-shivaom-web-online-9-768x512.png 768w, https:\/\/shivaomtrading.com\/wp-content\/uploads\/2025\/01\/Guia-tallas-shivaom-web-online-9-18x12.png 18w, https:\/\/shivaomtrading.com\/wp-content\/uploads\/2025\/01\/Guia-tallas-shivaom-web-online-9-900x600.png 900w\" sizes=\"(max-width: 1500px) 100vw, 1500px\" \/><\/figure>\n<\/div>\n\n\n\n<div class=\"wp-block-column is-layout-flow wp-block-column-is-layout-flow\">\n<figure class=\"wp-block-image size-full\"><img loading=\"lazy\" decoding=\"async\" width=\"1500\" height=\"1000\" src=\"http:\/\/shivaomtrading.com\/wp-content\/uploads\/2025\/01\/Guia-tallas-shivaom-web-online-10.png\" alt=\"\" class=\"wp-image-1594\" srcset=\"https:\/\/shivaomtrading.com\/wp-content\/uploads\/2025\/01\/Guia-tallas-shivaom-web-online-10.png 1500w, https:\/\/shivaomtrading.com\/wp-content\/uploads\/2025\/01\/Guia-tallas-shivaom-web-online-10-300x200.png 300w, https:\/\/shivaomtrading.com\/wp-content\/uploads\/2025\/01\/Guia-tallas-shivaom-web-online-10-1024x683.png 1024w, https:\/\/shivaomtrading.com\/wp-content\/uploads\/2025\/01\/Guia-tallas-shivaom-web-online-10-768x512.png 768w, https:\/\/shivaomtrading.com\/wp-content\/uploads\/2025\/01\/Guia-tallas-shivaom-web-online-10-18x12.png 18w, https:\/\/shivaomtrading.com\/wp-content\/uploads\/2025\/01\/Guia-tallas-shivaom-web-online-10-900x600.png 900w\" sizes=\"(max-width: 1500px) 100vw, 1500px\" \/><\/figure>\n<\/div>\n<\/div>","protected":false},"excerpt":{"rendered":"<p>Esta gu\u00eda ayudar\u00e1 a elegir la talla m\u00e1s adecuada que buscas. Estas gu\u00edas son orientativas.<\/p>","protected":false},"author":1,"featured_media":0,"parent":0,"menu_order":0,"comment_status":"closed","ping_status":"closed","template":"","meta":{"footnotes":""},"class_list":["post-1447","page","type-page","status-publish","hentry"],"blocksy_meta":{"background":{"background_type":"color","background_pattern":"type-1","background_image":{"attachment_id":null,"x":0,"y":0},"gradient":"linear-gradient(135deg,rgba(6,147,227,1) 0%,rgb(155,81,224) 100%)","background_repeat":"repeat","background_size":"auto","background_attachment":"scroll","patternColor":{"default":{"color":"#e5e7ea"}},"overlayColor":{"default":{"color":"CT_CSS_SKIP_RULE"}},"backgroundColor":{"default":{"color":"#f2f2f2"}}},"styles_descriptor":{"styles":{"desktop":"[data-prefix=\"single_page\"] {background-color:#f2f2f2;background-image:none;}","tablet":"","mobile":""},"google_fonts":[],"version":6}},"yoast_head":"<!-- This site is optimized with the Yoast SEO plugin v25.6 - https:\/\/yoast.com\/wordpress\/plugins\/seo\/ -->\n<title>Gu\u00eda de tallas - Shivaom Trading<\/title>\n<meta name=\"robots\" content=\"noindex, nofollow\" \/>\n<meta property=\"og:locale\" content=\"en_GB\" \/>\n<meta property=\"og:type\" content=\"article\" \/>\n<meta property=\"og:title\" content=\"Gu\u00eda de tallas - Shivaom Trading\" \/>\n<meta property=\"og:description\" content=\"Esta gu\u00eda ayudar\u00e1 a elegir la talla m\u00e1s adecuada que buscas. Estas gu\u00edas son orientativas.\" \/>\n<meta property=\"og:url\" content=\"https:\/\/shivaomtrading.com\/eng\/guia-de-tallas\/\" \/>\n<meta property=\"og:site_name\" content=\"Shivaom Trading\" \/>\n<meta property=\"article:modified_time\" content=\"2025-01-27T11:54:53+00:00\" \/>\n<meta property=\"og:image\" content=\"http:\/\/shivaomtrading.com\/wp-content\/uploads\/2025\/01\/Guia-tallas-shivaom-web-online-1.png\" \/>\n<meta name=\"twitter:card\" content=\"summary_large_image\" \/>\n<script type=\"application\/ld+json\" class=\"yoast-schema-graph\">{\"@context\":\"https:\/\/schema.org\",\"@graph\":[{\"@type\":\"WebPage\",\"@id\":\"https:\/\/shivaomtrading.com\/guia-de-tallas\/\",\"url\":\"https:\/\/shivaomtrading.com\/guia-de-tallas\/\",\"name\":\"Gu\u00eda de tallas - Shivaom Trading\",\"isPartOf\":{\"@id\":\"https:\/\/orchid-hyena-158384.hostingersite.com\/#website\"},\"primaryImageOfPage\":{\"@id\":\"https:\/\/shivaomtrading.com\/guia-de-tallas\/#primaryimage\"},\"image\":{\"@id\":\"https:\/\/shivaomtrading.com\/guia-de-tallas\/#primaryimage\"},\"thumbnailUrl\":\"http:\/\/shivaomtrading.com\/wp-content\/uploads\/2025\/01\/Guia-tallas-shivaom-web-online-1.png\",\"datePublished\":\"2025-01-16T11:11:00+00:00\",\"dateModified\":\"2025-01-27T11:54:53+00:00\",\"breadcrumb\":{\"@id\":\"https:\/\/shivaomtrading.com\/guia-de-tallas\/#breadcrumb\"},\"inLanguage\":\"en-GB\",\"potentialAction\":[{\"@type\":\"ReadAction\",\"target\":[\"https:\/\/shivaomtrading.com\/guia-de-tallas\/\"]}]},{\"@type\":\"ImageObject\",\"inLanguage\":\"en-GB\",\"@id\":\"https:\/\/shivaomtrading.com\/guia-de-tallas\/#primaryimage\",\"url\":\"http:\/\/shivaomtrading.com\/wp-content\/uploads\/2025\/01\/Guia-tallas-shivaom-web-online-1.png\",\"contentUrl\":\"http:\/\/shivaomtrading.com\/wp-content\/uploads\/2025\/01\/Guia-tallas-shivaom-web-online-1.png\"},{\"@type\":\"BreadcrumbList\",\"@id\":\"https:\/\/shivaomtrading.com\/guia-de-tallas\/#breadcrumb\",\"itemListElement\":[{\"@type\":\"ListItem\",\"position\":1,\"name\":\"Portada\",\"item\":\"https:\/\/orchid-hyena-158384.hostingersite.com\/\"},{\"@type\":\"ListItem\",\"position\":2,\"name\":\"Gu\u00eda de tallas\"}]},{\"@type\":\"WebSite\",\"@id\":\"https:\/\/orchid-hyena-158384.hostingersite.com\/#website\",\"url\":\"https:\/\/orchid-hyena-158384.hostingersite.com\/\",\"name\":\"Shivaom Trading\",\"description\":\"Tienda online de ropa y accesorios\",\"publisher\":{\"@id\":\"https:\/\/orchid-hyena-158384.hostingersite.com\/#organization\"},\"potentialAction\":[{\"@type\":\"SearchAction\",\"target\":{\"@type\":\"EntryPoint\",\"urlTemplate\":\"https:\/\/orchid-hyena-158384.hostingersite.com\/?s={search_term_string}\"},\"query-input\":{\"@type\":\"PropertyValueSpecification\",\"valueRequired\":true,\"valueName\":\"search_term_string\"}}],\"inLanguage\":\"en-GB\"},{\"@type\":\"Organization\",\"@id\":\"https:\/\/orchid-hyena-158384.hostingersite.com\/#organization\",\"name\":\"Shivaom Trading\",\"url\":\"https:\/\/orchid-hyena-158384.hostingersite.com\/\",\"logo\":{\"@type\":\"ImageObject\",\"inLanguage\":\"en-GB\",\"@id\":\"https:\/\/orchid-hyena-158384.hostingersite.com\/#\/schema\/logo\/image\/\",\"url\":\"https:\/\/shivaomtrading.com\/wp-content\/uploads\/2024\/11\/logotipo.svg\",\"contentUrl\":\"https:\/\/shivaomtrading.com\/wp-content\/uploads\/2024\/11\/logotipo.svg\",\"width\":896,\"height\":148,\"caption\":\"Shivaom Trading\"},\"image\":{\"@id\":\"https:\/\/orchid-hyena-158384.hostingersite.com\/#\/schema\/logo\/image\/\"}}]}<\/script>\n<!-- \/ Yoast SEO plugin. -->","yoast_head_json":{"title":"Gu\u00eda de tallas - Shivaom Trading","robots":{"index":"noindex","follow":"nofollow"},"og_locale":"en_GB","og_type":"article","og_title":"Gu\u00eda de tallas - Shivaom Trading","og_description":"Esta gu\u00eda ayudar\u00e1 a elegir la talla m\u00e1s adecuada que buscas. Estas gu\u00edas son orientativas.","og_url":"https:\/\/shivaomtrading.com\/eng\/guia-de-tallas\/","og_site_name":"Shivaom Trading","article_modified_time":"2025-01-27T11:54:53+00:00","og_image":[{"url":"http:\/\/shivaomtrading.com\/wp-content\/uploads\/2025\/01\/Guia-tallas-shivaom-web-online-1.png","type":"","width":"","height":""}],"twitter_card":"summary_large_image","schema":{"@context":"https:\/\/schema.org","@graph":[{"@type":"WebPage","@id":"https:\/\/shivaomtrading.com\/guia-de-tallas\/","url":"https:\/\/shivaomtrading.com\/guia-de-tallas\/","name":"Gu\u00eda de tallas - Shivaom Trading","isPartOf":{"@id":"https:\/\/orchid-hyena-158384.hostingersite.com\/#website"},"primaryImageOfPage":{"@id":"https:\/\/shivaomtrading.com\/guia-de-tallas\/#primaryimage"},"image":{"@id":"https:\/\/shivaomtrading.com\/guia-de-tallas\/#primaryimage"},"thumbnailUrl":"http:\/\/shivaomtrading.com\/wp-content\/uploads\/2025\/01\/Guia-tallas-shivaom-web-online-1.png","datePublished":"2025-01-16T11:11:00+00:00","dateModified":"2025-01-27T11:54:53+00:00","breadcrumb":{"@id":"https:\/\/shivaomtrading.com\/guia-de-tallas\/#breadcrumb"},"inLanguage":"en-GB","potentialAction":[{"@type":"ReadAction","target":["https:\/\/shivaomtrading.com\/guia-de-tallas\/"]}]},{"@type":"ImageObject","inLanguage":"en-GB","@id":"https:\/\/shivaomtrading.com\/guia-de-tallas\/#primaryimage","url":"http:\/\/shivaomtrading.com\/wp-content\/uploads\/2025\/01\/Guia-tallas-shivaom-web-online-1.png","contentUrl":"http:\/\/shivaomtrading.com\/wp-content\/uploads\/2025\/01\/Guia-tallas-shivaom-web-online-1.png"},{"@type":"BreadcrumbList","@id":"https:\/\/shivaomtrading.com\/guia-de-tallas\/#breadcrumb","itemListElement":[{"@type":"ListItem","position":1,"name":"Portada","item":"https:\/\/orchid-hyena-158384.hostingersite.com\/"},{"@type":"ListItem","position":2,"name":"Gu\u00eda de tallas"}]},{"@type":"WebSite","@id":"https:\/\/orchid-hyena-158384.hostingersite.com\/#website","url":"https:\/\/orchid-hyena-158384.hostingersite.com\/","name":"Shivaom Trading","description":"Online clothing and accessories store","publisher":{"@id":"https:\/\/orchid-hyena-158384.hostingersite.com\/#organization"},"potentialAction":[{"@type":"SearchAction","target":{"@type":"EntryPoint","urlTemplate":"https:\/\/orchid-hyena-158384.hostingersite.com\/?s={search_term_string}"},"query-input":{"@type":"PropertyValueSpecification","valueRequired":true,"valueName":"search_term_string"}}],"inLanguage":"en-GB"},{"@type":"Organization","@id":"https:\/\/orchid-hyena-158384.hostingersite.com\/#organization","name":"Shivaom Trading","url":"https:\/\/orchid-hyena-158384.hostingersite.com\/","logo":{"@type":"ImageObject","inLanguage":"en-GB","@id":"https:\/\/orchid-hyena-158384.hostingersite.com\/#\/schema\/logo\/image\/","url":"https:\/\/shivaomtrading.com\/wp-content\/uploads\/2024\/11\/logotipo.svg","contentUrl":"https:\/\/shivaomtrading.com\/wp-content\/uploads\/2024\/11\/logotipo.svg","width":896,"height":148,"caption":"Shivaom Trading"},"image":{"@id":"https:\/\/orchid-hyena-158384.hostingersite.com\/#\/schema\/logo\/image\/"}}]}},"_links":{"self":[{"href":"https:\/\/shivaomtrading.com\/eng\/wp-json\/wp\/v2\/pages\/1447","targetHints":{"allow":["GET"]}}],"collection":[{"href":"https:\/\/shivaomtrading.com\/eng\/wp-json\/wp\/v2\/pages"}],"about":[{"href":"https:\/\/shivaomtrading.com\/eng\/wp-json\/wp\/v2\/types\/page"}],"author":[{"embeddable":true,"href":"https:\/\/shivaomtrading.com\/eng\/wp-json\/wp\/v2\/users\/1"}],"replies":[{"embeddable":true,"href":"https:\/\/shivaomtrading.com\/eng\/wp-json\/wp\/v2\/comments?post=1447"}],"version-history":[{"count":17,"href":"https:\/\/shivaomtrading.com\/eng\/wp-json\/wp\/v2\/pages\/1447\/revisions"}],"predecessor-version":[{"id":1602,"href":"https:\/\/shivaomtrading.com\/eng\/wp-json\/wp\/v2\/pages\/1447\/revisions\/1602"}],"wp:attachment":[{"href":"https:\/\/shivaomtrading.com\/eng\/wp-json\/wp\/v2\/media?parent=1447"}],"curies":[{"name":"wp","href":"https:\/\/api.w.org\/{rel}","templated":true}]}}